{"id":1152,"date":"2020-08-03T18:35:59","date_gmt":"2020-08-03T16:35:59","guid":{"rendered":"http:\/\/www.kisskrisztiii.com\/?page_id=1152"},"modified":"2020-08-03T18:37:56","modified_gmt":"2020-08-03T16:37:56","slug":"drone-photography","status":"publish","type":"page","link":"https:\/\/www.kisskrisztiii.com\/index.php\/drone-photography\/","title":{"rendered":"DRONE PHOTOGRAPHY"},"content":{"rendered":"\n<!-- Final Tiles Grid Gallery for WordPress v3.6.6 free --><style>#ftg-88 .tile .icon { color:#ffffff; }#ftg-88 .ftg-items .loading-bar i { background:#666; }#ftg-88 .ftg-items .loading-bar { background:#fff; }#ftg-88 .tile .icon { font-size:12px; }#ftg-88 .tile .icon { margin: -6px 0 0 -6px; }#ftg-88 .tile .caption-block .text-wrapper span.text { font-size:12px; }#ftg-88 .tile .caption-outside .text-wrapper span.text { font-size:12px; }#ftg-88 .tile .caption-block .text-wrapper span.title { font-size:14px; }#ftg-88 .tile .caption-outside .text-wrapper span.title { font-size:14px; }#ftg-88 .tile { background-color: transparent; }#ftg-88 .tile .caption-block .text-wrapper span.text { color: #ffffff; }#ftg-88 .tile .caption-block .text-wrapper span.title { color: #ffffff; }#ftg-88 .tile .caption-outside .text-wrapper span.text { color: #ffffff; }#ftg-88 .tile .caption-outside .text-wrapper span.title { color: #ffffff; }#ftg-88 .tile .ftg-social a { color: #ffffff; }#ftg-88 .tile .caption-block { transition-duration:0.25s; }#ftg-88 .tile .tile-inner:before { background-color: #000000; }#ftg-88 .tile .tile-inner:before { background-color: rgba(0, 0, 0, 0.8); }#ftg-88 .tile:hover img {-moz-transform: ;-webkit-transform: ;-o-transform: ;-ms-transform: ;transform: ;}<\/style><a name=\"8\"><\/a><div class=\"final-tiles-gallery  ftg-hover-enabled caption-inside  caption-none caption-middle caption-center\" id=\"ftg-88\" style=\"width: 100%\"><div class='ftg-items'><div class='loading-bar'><i><\/i><\/div><div  class='tile ftg-preload  '><a title=\"Boys of Summer 1.\" data-lightbox='ftg-88' rel='ftg-88'  class=' tile-inner  ftg-lightbox' href='https:\/\/www.kisskrisztiii.com\/wp-content\/uploads\/2020\/08\/boysofsummer1-1024x557.jpg' ><img alt='Boys of Summer 1.' class='item skip-lazy' data-class='item' data-ftg-source='http:\/\/www.kisskrisztiii.com\/wp-content\/uploads\/2020\/08\/boysofsummer1.jpg' src='http:\/\/www.kisskrisztiii.com\/wp-content\/uploads\/2020\/08\/boysofsummer1.jpg' width='1700' height='924' \/><div class='caption-block'><div class='text-wrapper'><span class='title'>Boys of Summer 1.<\/span><span class='text'>Boys of Summer 1.<\/span><\/div><\/div><\/a><div class='ftg-social'><\/div><\/div><div  class='tile ftg-preload  '><a title=\"Pilismar\u00f3ti \u00f6b\u00f6l - Haj\u00f3temet\u0151\" data-lightbox='ftg-88' rel='ftg-88'  class=' tile-inner  ftg-lightbox' href='https:\/\/www.kisskrisztiii.com\/wp-content\/uploads\/2020\/08\/DJI_0184-586x1024.jpg' ><img alt='Pilismar\u00f3ti \u00f6b\u00f6l - Haj\u00f3temet\u0151' class='item skip-lazy' data-class='item' data-ftg-source='http:\/\/www.kisskrisztiii.com\/wp-content\/uploads\/2020\/08\/DJI_0184-586x1024.jpg' src='http:\/\/www.kisskrisztiii.com\/wp-content\/uploads\/2020\/08\/DJI_0184-586x1024.jpg' width='859' height='1500' \/><div class='caption-block'><div class='text-wrapper'><span class='title'>Pilismar\u00f3ti \u00f6b\u00f6l - Haj\u00f3temet\u0151<\/span><span class='text'>Pilismar\u00f3ti \u00f6b\u00f6l - Haj\u00f3temet\u0151<\/span><\/div><\/div><\/a><div class='ftg-social'><\/div><\/div><div  class='tile ftg-preload  '><a title=\"Mez\u0151\" data-lightbox='ftg-88' rel='ftg-88'  class=' tile-inner  ftg-lightbox' href='https:\/\/www.kisskrisztiii.com\/wp-content\/uploads\/2020\/08\/DJI_0048-1024x576.jpg' ><img alt='Mez\u0151' class='item skip-lazy' data-class='item' data-ftg-source='http:\/\/www.kisskrisztiii.com\/wp-content\/uploads\/2020\/08\/DJI_0048-300x169.jpg' src='http:\/\/www.kisskrisztiii.com\/wp-content\/uploads\/2020\/08\/DJI_0048-300x169.jpg' width='1500' height='844' \/><div class='caption-block'><div class='text-wrapper'><span class='title'>Mez\u0151<\/span><span class='text'>Mez\u0151<\/span><\/div><\/div><\/a><div class='ftg-social'><\/div><\/div><div  class='tile ftg-preload  '><a title=\"Velencei t\u00f3\" data-lightbox='ftg-88' rel='ftg-88'  class=' tile-inner  ftg-lightbox' href='https:\/\/www.kisskrisztiii.com\/wp-content\/uploads\/2020\/08\/DJI_0072-1024x576.jpg' ><img alt='Velencei t\u00f3' class='item skip-lazy' data-class='item' data-ftg-source='http:\/\/www.kisskrisztiii.com\/wp-content\/uploads\/2020\/08\/DJI_0072-300x169.jpg' src='http:\/\/www.kisskrisztiii.com\/wp-content\/uploads\/2020\/08\/DJI_0072-300x169.jpg' width='1500' height='844' \/><div class='caption-block'><div class='text-wrapper'><span class='title'>Velencei t\u00f3<\/span><span class='text'>Velencei t\u00f3<\/span><\/div><\/div><\/a><div class='ftg-social'><\/div><\/div><div  class='tile ftg-preload  '><a title=\"Velencei t\u00f3\" data-lightbox='ftg-88' rel='ftg-88'  class=' tile-inner  ftg-lightbox' href='https:\/\/www.kisskrisztiii.com\/wp-content\/uploads\/2020\/08\/DJI_0113-1024x768.jpg' ><img alt='Velencei t\u00f3' class='item skip-lazy' data-class='item' data-ftg-source='http:\/\/www.kisskrisztiii.com\/wp-content\/uploads\/2020\/08\/DJI_0113-1024x768.jpg' src='http:\/\/www.kisskrisztiii.com\/wp-content\/uploads\/2020\/08\/DJI_0113-1024x768.jpg' width='1500' height='1125' \/><div class='caption-block'><div class='text-wrapper'><span class='title'>Velencei t\u00f3<\/span><span class='text'>Velencei t\u00f3<\/span><\/div><\/div><\/a><div class='ftg-social'><\/div><\/div><div  class='tile ftg-preload  '><a title=\"Sz\u0151l\u0151\" data-lightbox='ftg-88' rel='ftg-88'  class=' tile-inner  ftg-lightbox' href='https:\/\/www.kisskrisztiii.com\/wp-content\/uploads\/2020\/08\/DJI_0069-1024x576.jpg' ><img alt='Sz\u0151l\u0151' class='item skip-lazy' data-class='item' data-ftg-source='http:\/\/www.kisskrisztiii.com\/wp-content\/uploads\/2020\/08\/DJI_0069-1024x576.jpg' src='http:\/\/www.kisskrisztiii.com\/wp-content\/uploads\/2020\/08\/DJI_0069-1024x576.jpg' width='1500' height='844' \/><div class='caption-block'><div class='text-wrapper'><span class='title'>Sz\u0151l\u0151<\/span><span class='text'>Sz\u0151l\u0151<\/span><\/div><\/div><\/a><div class='ftg-social'><\/div><\/div><div  class='tile ftg-preload  '><a title=\"Balaton\" data-lightbox='ftg-88' rel='ftg-88'  class=' tile-inner  ftg-lightbox' href='https:\/\/www.kisskrisztiii.com\/wp-content\/uploads\/2020\/08\/Photo-2020.-06.-11.-15-02-38-1024x576.jpg' ><img alt='Balaton' class='item skip-lazy' data-class='item' data-ftg-source='http:\/\/www.kisskrisztiii.com\/wp-content\/uploads\/2020\/08\/Photo-2020.-06.-11.-15-02-38.jpg' src='http:\/\/www.kisskrisztiii.com\/wp-content\/uploads\/2020\/08\/Photo-2020.-06.-11.-15-02-38.jpg' width='1500' height='844' \/><div class='caption-block'><div class='text-wrapper'><span class='title'>Balaton<\/span><span class='text'>Balaton<\/span><\/div><\/div><\/a><div class='ftg-social'><\/div><\/div><div  class='tile ftg-preload  '><a title=\"G\u00e1nt\" data-lightbox='ftg-88' rel='ftg-88'  class=' tile-inner  ftg-lightbox' href='https:\/\/www.kisskrisztiii.com\/wp-content\/uploads\/2020\/08\/DJI_0314-1024x576.jpg' ><img alt='G\u00e1nt' class='item skip-lazy' data-class='item' data-ftg-source='http:\/\/www.kisskrisztiii.com\/wp-content\/uploads\/2020\/08\/DJI_0314.jpg' src='http:\/\/www.kisskrisztiii.com\/wp-content\/uploads\/2020\/08\/DJI_0314.jpg' width='1500' height='844' \/><div class='caption-block'><div class='text-wrapper'><span class='title'>G\u00e1nt<\/span><span class='text'>G\u00e1nt<\/span><\/div><\/div><\/a><div class='ftg-social'><\/div><\/div><div  class='tile ftg-preload  '><a title=\"Velencei t\u00f3\" data-lightbox='ftg-88' rel='ftg-88'  class=' tile-inner  ftg-lightbox' href='https:\/\/www.kisskrisztiii.com\/wp-content\/uploads\/2020\/08\/DJI_0139-1024x576.jpg' ><img alt='Velencei t\u00f3' class='item skip-lazy' data-class='item' data-ftg-source='http:\/\/www.kisskrisztiii.com\/wp-content\/uploads\/2020\/08\/DJI_0139.jpg' src='http:\/\/www.kisskrisztiii.com\/wp-content\/uploads\/2020\/08\/DJI_0139.jpg' width='1500' height='844' \/><div class='caption-block'><div class='text-wrapper'><span class='title'>Velencei t\u00f3<\/span><span class='text'>Velencei t\u00f3<\/span><\/div><\/div><\/a><div class='ftg-social'><\/div><\/div><div  class='tile ftg-preload  '><a title=\"Boys of Summer 2.\" data-lightbox='ftg-88' rel='ftg-88'  class=' tile-inner  ftg-lightbox' href='https:\/\/www.kisskrisztiii.com\/wp-content\/uploads\/2020\/08\/boysofsummer2-1024x576.jpg' ><img alt='Boys of Summer 2.' class='item skip-lazy' data-class='item' data-ftg-source='http:\/\/www.kisskrisztiii.com\/wp-content\/uploads\/2020\/08\/boysofsummer2.jpg' src='http:\/\/www.kisskrisztiii.com\/wp-content\/uploads\/2020\/08\/boysofsummer2.jpg' width='1700' height='956' \/><div class='caption-block'><div class='text-wrapper'><span class='title'>Boys of Summer 2.<\/span><span class='text'>Boys of Summer 2.<\/span><\/div><\/div><\/a><div class='ftg-social'><\/div><\/div><div  class='tile ftg-preload  '><a title=\"Mez\u0151k Domoszl\u00f3 hat\u00e1r\u00e1ban\" data-lightbox='ftg-88' rel='ftg-88'  class=' tile-inner  ftg-lightbox' href='https:\/\/www.kisskrisztiii.com\/wp-content\/uploads\/2020\/08\/DJI_0128-1024x576.jpg' ><img alt='Mez\u0151k Domoszl\u00f3 hat\u00e1r\u00e1ban' class='item skip-lazy' data-class='item' data-ftg-source='http:\/\/www.kisskrisztiii.com\/wp-content\/uploads\/2020\/08\/DJI_0128-1024x576.jpg' src='http:\/\/www.kisskrisztiii.com\/wp-content\/uploads\/2020\/08\/DJI_0128-1024x576.jpg' width='1500' height='844' \/><div class='caption-block'><div class='text-wrapper'><span class='title'>Mez\u0151k Domoszl\u00f3 hat\u00e1r\u00e1ban<\/span><span class='text'>Mez\u0151k Domoszl\u00f3 hat\u00e1r\u00e1ban<\/span><\/div><\/div><\/a><div class='ftg-social'><\/div><\/div><div  class='tile ftg-preload  '><a title=\"Velencei t\u00f3\" data-lightbox='ftg-88' rel='ftg-88'  class=' tile-inner  ftg-lightbox' href='https:\/\/www.kisskrisztiii.com\/wp-content\/uploads\/2020\/08\/DJI_0073-1024x576.jpg' ><img alt='Velencei t\u00f3' class='item skip-lazy' data-class='item' data-ftg-source='http:\/\/www.kisskrisztiii.com\/wp-content\/uploads\/2020\/08\/DJI_0073-1024x576.jpg' src='http:\/\/www.kisskrisztiii.com\/wp-content\/uploads\/2020\/08\/DJI_0073-1024x576.jpg' width='1500' height='844' \/><div class='caption-block'><div class='text-wrapper'><span class='title'>Velencei t\u00f3<\/span><span class='text'>Velencei t\u00f3<\/span><\/div><\/div><\/a><div class='ftg-social'><\/div><\/div><div  class='tile ftg-preload  '><a title=\"Balatonbogl\u00e1r\" data-lightbox='ftg-88' rel='ftg-88'  class=' tile-inner  ftg-lightbox' href='https:\/\/www.kisskrisztiii.com\/wp-content\/uploads\/2020\/08\/DJI_0405-819x1024.jpg' ><img alt='Balatonbogl\u00e1r' class='item skip-lazy' data-class='item' data-ftg-source='http:\/\/www.kisskrisztiii.com\/wp-content\/uploads\/2020\/08\/DJI_0405-819x1024.jpg' src='http:\/\/www.kisskrisztiii.com\/wp-content\/uploads\/2020\/08\/DJI_0405-819x1024.jpg' width='1200' height='1500' \/><div class='caption-block'><div class='text-wrapper'><span class='title'>Balatonbogl\u00e1r<\/span><span class='text'>Balatonbogl\u00e1r<\/span><\/div><\/div><\/a><div class='ftg-social'><\/div><\/div><div  class='tile ftg-preload  '><a title=\"Pilismar\u00f3ti \u00f6b\u00f6l\" data-lightbox='ftg-88' rel='ftg-88'  class=' tile-inner  ftg-lightbox' href='https:\/\/www.kisskrisztiii.com\/wp-content\/uploads\/2020\/08\/ssDJI_0204-1024x407.jpg' ><img alt='Pilismar\u00f3ti \u00f6b\u00f6l' class='item skip-lazy' data-class='item' data-ftg-source='http:\/\/www.kisskrisztiii.com\/wp-content\/uploads\/2020\/08\/ssDJI_0204-1500x480.jpg' src='http:\/\/www.kisskrisztiii.com\/wp-content\/uploads\/2020\/08\/ssDJI_0204-1500x480.jpg' width='1500' height='596' \/><div class='caption-block'><div class='text-wrapper'><span class='title'>Pilismar\u00f3ti \u00f6b\u00f6l<\/span><span class='text'>Pilismar\u00f3ti \u00f6b\u00f6l<\/span><\/div><\/div><\/a><div class='ftg-social'><\/div><\/div><div  class='tile ftg-preload  '><a title=\"Napraforg\u00f3mez\u0151\" data-lightbox='ftg-88' rel='ftg-88'  class=' tile-inner  ftg-lightbox' href='https:\/\/www.kisskrisztiii.com\/wp-content\/uploads\/2020\/08\/DJI_0054-1024x576.jpg' ><img alt='Napraforg\u00f3mez\u0151' class='item skip-lazy' data-class='item' data-ftg-source='http:\/\/www.kisskrisztiii.com\/wp-content\/uploads\/2020\/08\/DJI_0054-1024x576.jpg' src='http:\/\/www.kisskrisztiii.com\/wp-content\/uploads\/2020\/08\/DJI_0054-1024x576.jpg' width='1500' height='844' \/><div class='caption-block'><div class='text-wrapper'><span class='title'>Napraforg\u00f3mez\u0151<\/span><span class='text'>Napraforg\u00f3mez\u0151<\/span><\/div><\/div><\/a><div class='ftg-social'><\/div><\/div><div  class='tile ftg-preload  '><a title=\"Velencei t\u00f3\" data-lightbox='ftg-88' rel='ftg-88'  class=' tile-inner  ftg-lightbox' href='https:\/\/www.kisskrisztiii.com\/wp-content\/uploads\/2020\/08\/DJI_0094-429x1024.jpg' ><img alt='Velencei t\u00f3' class='item skip-lazy' data-class='item' data-ftg-source='http:\/\/www.kisskrisztiii.com\/wp-content\/uploads\/2020\/08\/DJI_0094.jpg' src='http:\/\/www.kisskrisztiii.com\/wp-content\/uploads\/2020\/08\/DJI_0094.jpg' width='629' height='1500' \/><div class='caption-block'><div class='text-wrapper'><span class='title'>Velencei t\u00f3<\/span><span class='text'>Velencei t\u00f3<\/span><\/div><\/div><\/a><div class='ftg-social'><\/div><\/div><div  class='tile ftg-preload  '><a title=\"Tatai \u00d6reg t\u00f3\" data-lightbox='ftg-88' rel='ftg-88'  class=' tile-inner  ftg-lightbox' href='https:\/\/www.kisskrisztiii.com\/wp-content\/uploads\/2020\/08\/DJI_0162-767x1024.jpg' ><img alt='Tatai \u00d6reg t\u00f3' class='item skip-lazy' data-class='item' data-ftg-source='http:\/\/www.kisskrisztiii.com\/wp-content\/uploads\/2020\/08\/DJI_0162-767x1024.jpg' src='http:\/\/www.kisskrisztiii.com\/wp-content\/uploads\/2020\/08\/DJI_0162-767x1024.jpg' width='1123' height='1500' \/><div class='caption-block'><div class='text-wrapper'><span class='title'>Tatai \u00d6reg t\u00f3<\/span><span class='text'>Tatai \u00d6reg t\u00f3<\/span><\/div><\/div><\/a><div class='ftg-social'><\/div><\/div><div  class='tile ftg-preload  '><a title=\"Nasz\u00e1ly, b\u00e1nya\" data-lightbox='ftg-88' rel='ftg-88'  class=' tile-inner  ftg-lightbox' href='https:\/\/www.kisskrisztiii.com\/wp-content\/uploads\/2020\/08\/DJI_0211-1024x573.jpg' ><img alt='Nasz\u00e1ly, b\u00e1nya' class='item skip-lazy' data-class='item' data-ftg-source='http:\/\/www.kisskrisztiii.com\/wp-content\/uploads\/2020\/08\/DJI_0211-1024x573.jpg' src='http:\/\/www.kisskrisztiii.com\/wp-content\/uploads\/2020\/08\/DJI_0211-1024x573.jpg' width='1500' height='840' \/><div class='caption-block'><div class='text-wrapper'><span class='title'>Nasz\u00e1ly, b\u00e1nya<\/span><span class='text'>Nasz\u00e1ly, b\u00e1nya<\/span><\/div><\/div><\/a><div class='ftg-social'><\/div><\/div><div  class='tile ftg-preload  '><a title=\"Pilismar\u00f3ti \u00f6b\u00f6l\" data-lightbox='ftg-88' rel='ftg-88'  class=' tile-inner  ftg-lightbox' href='https:\/\/www.kisskrisztiii.com\/wp-content\/uploads\/2020\/08\/DJI_0212-1024x576.jpg' ><img alt='Pilismar\u00f3ti \u00f6b\u00f6l' class='item skip-lazy' data-class='item' data-ftg-source='http:\/\/www.kisskrisztiii.com\/wp-content\/uploads\/2020\/08\/DJI_0212.jpg' src='http:\/\/www.kisskrisztiii.com\/wp-content\/uploads\/2020\/08\/DJI_0212.jpg' width='1500' height='844' \/><div class='caption-block'><div class='text-wrapper'><span class='title'>Pilismar\u00f3ti \u00f6b\u00f6l<\/span><span class='text'>Pilismar\u00f3ti \u00f6b\u00f6l<\/span><\/div><\/div><\/a><div class='ftg-social'><\/div><\/div><div  class='tile ftg-preload  '><a title=\"D\u00f6m\u00f6s\" data-lightbox='ftg-88' rel='ftg-88'  class=' tile-inner  ftg-lightbox' href='https:\/\/www.kisskrisztiii.com\/wp-content\/uploads\/2020\/08\/DJI_0220-1024x458.jpg' ><img alt='D\u00f6m\u00f6s' class='item skip-lazy' data-class='item' data-ftg-source='http:\/\/www.kisskrisztiii.com\/wp-content\/uploads\/2020\/08\/DJI_0220-1024x458.jpg' src='http:\/\/www.kisskrisztiii.com\/wp-content\/uploads\/2020\/08\/DJI_0220-1024x458.jpg' width='1500' height='671' \/><div class='caption-block'><div class='text-wrapper'><span class='title'>D\u00f6m\u00f6s<\/span><span class='text'>D\u00f6m\u00f6s<\/span><\/div><\/div><\/a><div class='ftg-social'><\/div><\/div><div  class='tile ftg-preload  '><a title=\"Velencei t\u00f3\" data-lightbox='ftg-88' rel='ftg-88'  class=' tile-inner  ftg-lightbox' href='https:\/\/www.kisskrisztiii.com\/wp-content\/uploads\/2020\/08\/DJI_0130-1024x768.jpg' ><img alt='Velencei t\u00f3' class='item skip-lazy' data-class='item' data-ftg-source='http:\/\/www.kisskrisztiii.com\/wp-content\/uploads\/2020\/08\/DJI_0130-1024x768.jpg' src='http:\/\/www.kisskrisztiii.com\/wp-content\/uploads\/2020\/08\/DJI_0130-1024x768.jpg' width='1500' height='1125' \/><div class='caption-block'><div class='text-wrapper'><span class='title'>Velencei t\u00f3<\/span><span class='text'>Velencei t\u00f3<\/span><\/div><\/div><\/a><div class='ftg-social'><\/div><\/div><div  class='tile ftg-preload  '><a title=\"Velencei t\u00f3\" data-lightbox='ftg-88' rel='ftg-88'  class=' tile-inner  ftg-lightbox' href='https:\/\/www.kisskrisztiii.com\/wp-content\/uploads\/2020\/08\/DJI_0122-768x1024.jpg' ><img alt='Velencei t\u00f3' class='item skip-lazy' data-class='item' data-ftg-source='http:\/\/www.kisskrisztiii.com\/wp-content\/uploads\/2020\/08\/DJI_0122-768x1024.jpg' src='http:\/\/www.kisskrisztiii.com\/wp-content\/uploads\/2020\/08\/DJI_0122-768x1024.jpg' width='1125' height='1500' \/><div class='caption-block'><div class='text-wrapper'><span class='title'>Velencei t\u00f3<\/span><span class='text'>Velencei t\u00f3<\/span><\/div><\/div><\/a><div class='ftg-social'><\/div><\/div><div  class='tile ftg-preload  '><a title=\"Napelem park\" data-lightbox='ftg-88' rel='ftg-88'  class=' tile-inner  ftg-lightbox' href='https:\/\/www.kisskrisztiii.com\/wp-content\/uploads\/2020\/08\/DJI_0070-608x1024.jpg' ><img alt='Napelem park' class='item skip-lazy' data-class='item' data-ftg-source='http:\/\/www.kisskrisztiii.com\/wp-content\/uploads\/2020\/08\/DJI_0070-608x1024.jpg' src='http:\/\/www.kisskrisztiii.com\/wp-content\/uploads\/2020\/08\/DJI_0070-608x1024.jpg' width='891' height='1500' \/><div class='caption-block'><div class='text-wrapper'><span class='title'>Napelem park<\/span><span class='text'>Napelem park<\/span><\/div><\/div><\/a><div class='ftg-social'><\/div><\/div><div  class='tile ftg-preload  '><a title=\"K\u00e9kestet\u0151\" data-lightbox='ftg-88' rel='ftg-88'  class=' tile-inner  ftg-lightbox' href='https:\/\/www.kisskrisztiii.com\/wp-content\/uploads\/2020\/08\/DJI_0240-429x1024.jpg' ><img alt='K\u00e9kestet\u0151' class='item skip-lazy' data-class='item' data-ftg-source='http:\/\/www.kisskrisztiii.com\/wp-content\/uploads\/2020\/08\/DJI_0240-429x1024.jpg' src='http:\/\/www.kisskrisztiii.com\/wp-content\/uploads\/2020\/08\/DJI_0240-429x1024.jpg' width='629' height='1500' \/><div class='caption-block'><div class='text-wrapper'><span class='title'>K\u00e9kestet\u0151<\/span><span class='text'>K\u00e9kestet\u0151<\/span><\/div><\/div><\/a><div class='ftg-social'><\/div><\/div><div  class='tile ftg-preload  '><a title=\"Nasz\u00e1ly\" data-lightbox='ftg-88' rel='ftg-88'  class=' tile-inner  ftg-lightbox' href='https:\/\/www.kisskrisztiii.com\/wp-content\/uploads\/2020\/08\/DJI_0249-Pano-1024x342.jpg' ><img alt='Nasz\u00e1ly' class='item skip-lazy' data-class='item' data-ftg-source='http:\/\/www.kisskrisztiii.com\/wp-content\/uploads\/2020\/08\/DJI_0249-Pano-1024x342.jpg' src='http:\/\/www.kisskrisztiii.com\/wp-content\/uploads\/2020\/08\/DJI_0249-Pano-1024x342.jpg' width='1500' height='501' \/><div class='caption-block'><div class='text-wrapper'><span class='title'>Nasz\u00e1ly<\/span><span class='text'>Nasz\u00e1ly<\/span><\/div><\/div><\/a><div class='ftg-social'><\/div><\/div><div  class='tile ftg-preload  '><a title=\"Bokod, lebeg\u0151 falu\" data-lightbox='ftg-88' rel='ftg-88'  class=' tile-inner  ftg-lightbox' href='https:\/\/www.kisskrisztiii.com\/wp-content\/uploads\/2020\/08\/DJI_0332-1024x576.jpg' ><img alt='Bokod, lebeg\u0151 falu' class='item skip-lazy' data-class='item' data-ftg-source='http:\/\/www.kisskrisztiii.com\/wp-content\/uploads\/2020\/08\/DJI_0332-1024x576.jpg' src='http:\/\/www.kisskrisztiii.com\/wp-content\/uploads\/2020\/08\/DJI_0332-1024x576.jpg' width='1500' height='844' \/><div class='caption-block'><div class='text-wrapper'><span class='title'>Bokod, lebeg\u0151 falu<\/span><span class='text'>Bokod, lebeg\u0151 falu<\/span><\/div><\/div><\/a><div class='ftg-social'><\/div><\/div><div  class='tile ftg-preload  '><a title=\"Balatonbogl\u00e1r, G\u00f6mbkil\u00e1t\u00f3\" data-lightbox='ftg-88' rel='ftg-88'  class=' tile-inner  ftg-lightbox' href='https:\/\/www.kisskrisztiii.com\/wp-content\/uploads\/2020\/08\/DJI_0388-1024x576.jpg' ><img alt='Balatonbogl\u00e1r, G\u00f6mbkil\u00e1t\u00f3' class='item skip-lazy' data-class='item' data-ftg-source='http:\/\/www.kisskrisztiii.com\/wp-content\/uploads\/2020\/08\/DJI_0388-1024x576.jpg' src='http:\/\/www.kisskrisztiii.com\/wp-content\/uploads\/2020\/08\/DJI_0388-1024x576.jpg' width='1500' height='844' \/><div class='caption-block'><div class='text-wrapper'><span class='title'>Balatonbogl\u00e1r, G\u00f6mbkil\u00e1t\u00f3<\/span><span class='text'>Balatonbogl\u00e1r, G\u00f6mbkil\u00e1t\u00f3<\/span><\/div><\/div><\/a><div class='ftg-social'><\/div><\/div><div  class='tile ftg-preload  '><a title=\"Balatonbogl\u00e1r, G\u00f6mbkil\u00e1t\u00f3\" data-lightbox='ftg-88' rel='ftg-88'  class=' tile-inner  ftg-lightbox' href='https:\/\/www.kisskrisztiii.com\/wp-content\/uploads\/2020\/08\/DJI_0448-819x1024.jpg' ><img alt='Balatonbogl\u00e1r, G\u00f6mbkil\u00e1t\u00f3' class='item skip-lazy' data-class='item' data-ftg-source='http:\/\/www.kisskrisztiii.com\/wp-content\/uploads\/2020\/08\/DJI_0448-819x1024.jpg' src='http:\/\/www.kisskrisztiii.com\/wp-content\/uploads\/2020\/08\/DJI_0448-819x1024.jpg' width='1200' height='1500' \/><div class='caption-block'><div class='text-wrapper'><span class='title'>Balatonbogl\u00e1r, G\u00f6mbkil\u00e1t\u00f3<\/span><span class='text'>Balatonbogl\u00e1r, G\u00f6mbkil\u00e1t\u00f3<\/span><\/div><\/div><\/a><div class='ftg-social'><\/div><\/div><div  class='tile ftg-preload  '><a title=\"Pipacsmez\u0151\" data-lightbox='ftg-88' rel='ftg-88'  class=' tile-inner  ftg-lightbox' href='https:\/\/www.kisskrisztiii.com\/wp-content\/uploads\/2020\/08\/IMG_5292-1024x503.jpg' ><img alt='Pipacsmez\u0151' class='item skip-lazy' data-class='item' data-ftg-source='http:\/\/www.kisskrisztiii.com\/wp-content\/uploads\/2020\/08\/IMG_5292-1024x503.jpg' src='http:\/\/www.kisskrisztiii.com\/wp-content\/uploads\/2020\/08\/IMG_5292-1024x503.jpg' width='1500' height='737' \/><div class='caption-block'><div class='text-wrapper'><span class='title'>Pipacsmez\u0151<\/span><span class='text'>Pipacsmez\u0151<\/span><\/div><\/div><\/a><div class='ftg-social'><\/div><\/div><div  class='tile ftg-preload  '><a title=\"Balatonbogl\u00e1r\" data-lightbox='ftg-88' rel='ftg-88'  class=' tile-inner  ftg-lightbox' href='https:\/\/www.kisskrisztiii.com\/wp-content\/uploads\/2020\/08\/Photo-2020.-01.-18.-15-13-59-819x1024.jpg' ><img alt='Balatonbogl\u00e1r' class='item skip-lazy' data-class='item' data-ftg-source='http:\/\/www.kisskrisztiii.com\/wp-content\/uploads\/2020\/08\/Photo-2020.-01.-18.-15-13-59-819x1024.jpg' src='http:\/\/www.kisskrisztiii.com\/wp-content\/uploads\/2020\/08\/Photo-2020.-01.-18.-15-13-59-819x1024.jpg' width='1199' height='1500' \/><div class='caption-block'><div class='text-wrapper'><span class='title'>Balatonbogl\u00e1r<\/span><span class='text'>Balatonbogl\u00e1r<\/span><\/div><\/div><\/a><div class='ftg-social'><\/div><\/div><div  class='tile ftg-preload  '><a title=\"Balaton\" data-lightbox='ftg-88' rel='ftg-88'  class=' tile-inner  ftg-lightbox' href='https:\/\/www.kisskrisztiii.com\/wp-content\/uploads\/2020\/08\/DJI_0007-1024x576.jpg' ><img alt='Balaton' class='item skip-lazy' data-class='item' data-ftg-source='http:\/\/www.kisskrisztiii.com\/wp-content\/uploads\/2020\/08\/DJI_0007-1024x576.jpg' src='http:\/\/www.kisskrisztiii.com\/wp-content\/uploads\/2020\/08\/DJI_0007-1024x576.jpg' width='1500' height='844' \/><div class='caption-block'><div class='text-wrapper'><span class='title'>Balaton<\/span><span class='text'>Balaton<\/span><\/div><\/div><\/a><div class='ftg-social'><\/div><\/div><div  class='tile ftg-preload  '><a title=\"Dunapart\" data-lightbox='ftg-88' rel='ftg-88'  class=' tile-inner  ftg-lightbox' href='https:\/\/www.kisskrisztiii.com\/wp-content\/uploads\/2020\/08\/ssDJI_0169-576x1024.jpg' ><img alt='Dunapart' class='item skip-lazy' data-class='item' data-ftg-source='http:\/\/www.kisskrisztiii.com\/wp-content\/uploads\/2020\/08\/ssDJI_0169-576x1024.jpg' src='http:\/\/www.kisskrisztiii.com\/wp-content\/uploads\/2020\/08\/ssDJI_0169-576x1024.jpg' width='844' height='1500' \/><div class='caption-block'><div class='text-wrapper'><span class='title'>Dunapart<\/span><span class='text'>Dunapart<\/span><\/div><\/div><\/a><div class='ftg-social'><\/div><\/div><\/div><\/div>\n","protected":false},"excerpt":{"rendered":"","protected":false},"author":1,"featured_media":0,"parent":0,"menu_order":0,"comment_status":"closed","ping_status":"closed","template":"elementor_header_footer","meta":{"footnotes":""},"class_list":["post-1152","page","type-page","status-publish","hentry"],"_links":{"self":[{"href":"https:\/\/www.kisskrisztiii.com\/index.php\/wp-json\/wp\/v2\/pages\/1152","targetHints":{"allow":["GET"]}}],"collection":[{"href":"https:\/\/www.kisskrisztiii.com\/index.php\/wp-json\/wp\/v2\/pages"}],"about":[{"href":"https:\/\/www.kisskrisztiii.com\/index.php\/wp-json\/wp\/v2\/types\/page"}],"author":[{"embeddable":true,"href":"https:\/\/www.kisskrisztiii.com\/index.php\/wp-json\/wp\/v2\/users\/1"}],"replies":[{"embeddable":true,"href":"https:\/\/www.kisskrisztiii.com\/index.php\/wp-json\/wp\/v2\/comments?post=1152"}],"version-history":[{"count":0,"href":"https:\/\/www.kisskrisztiii.com\/index.php\/wp-json\/wp\/v2\/pages\/1152\/revisions"}],"wp:attachment":[{"href":"https:\/\/www.kisskrisztiii.com\/index.php\/wp-json\/wp\/v2\/media?parent=1152"}],"curies":[{"name":"wp","href":"https:\/\/api.w.org\/{rel}","templated":true}]}}